{"id":456,"date":"2023-09-16T11:05:55","date_gmt":"2023-09-16T11:05:55","guid":{"rendered":"https:\/\/blogs.sindominio.net\/aldarull\/?page_id=456"},"modified":"2023-10-04T16:30:23","modified_gmt":"2023-10-04T16:30:23","slug":"456-2","status":"publish","type":"page","link":"https:\/\/aldarull.org\/","title":{"rendered":""},"content":{"rendered":"\n<div class=\"wp-block-cover alignfull nomargin_image_home\" style=\"min-height:516px;aspect-ratio:unset;\"><span aria-hidden=\"true\" class=\"wp-block-cover__background has-background-dim\"><\/span><img loading=\"lazy\" decoding=\"async\" width=\"1280\" height=\"960\" class=\"wp-block-cover__image-background wp-image-6\" alt=\"\" src=\"https:\/\/blogs.sindominio.net\/aldarull\/files\/2022\/07\/header-3.redhead.jpg\" style=\"object-position:50% 60%\" data-object-fit=\"cover\" data-object-position=\"50% 60%\" srcset=\"https:\/\/aldarull.org\/files\/2022\/07\/header-3.redhead.jpg 1280w, https:\/\/aldarull.org\/files\/2022\/07\/header-3.redhead-300x225.jpg 300w, https:\/\/aldarull.org\/files\/2022\/07\/header-3.redhead-1024x768.jpg 1024w, https:\/\/aldarull.org\/files\/2022\/07\/header-3.redhead-768x576.jpg 768w\" sizes=\"auto, (max-width: 1280px) 100vw, 1280px\" \/><div class=\"wp-block-cover__inner-container is-layout-constrained wp-block-cover-is-layout-constrained\"><div class=\"wp-block-image\">\n<figure class=\"aligncenter size-large\"><img loading=\"lazy\" decoding=\"async\" width=\"1024\" height=\"187\" src=\"https:\/\/blogs.sindominio.net\/aldarull\/files\/2022\/07\/aldarull-transparent-1024x187.png\" alt=\"\" class=\"wp-image-146\" srcset=\"https:\/\/aldarull.org\/files\/2022\/07\/aldarull-transparent-1024x187.png 1024w, https:\/\/aldarull.org\/files\/2022\/07\/aldarull-transparent-300x55.png 300w, https:\/\/aldarull.org\/files\/2022\/07\/aldarull-transparent-768x140.png 768w, https:\/\/aldarull.org\/files\/2022\/07\/aldarull-transparent-1536x280.png 1536w, https:\/\/aldarull.org\/files\/2022\/07\/aldarull-transparent-2048x373.png 2048w\" sizes=\"auto, (max-width: 1024px) 100vw, 1024px\" \/><\/figure>\n<\/div><\/div><\/div>\n\n\n\n<h3 class=\"wp-block-heading alignfull has-text-align-center nomargin_home_div has-vivid-red-color has-black-background-color has-text-color has-background has-medium-font-size\" style=\"font-style:italic;font-weight:700\">Aldarull \u00e9s un projecte autogestionat i anarquista on pretenem tenir els llibres que ens ajudin a pensar la propera revoluci\u00f3<\/h3>\n\n\n\n<h3 class=\"wp-block-heading alignfull has-text-align-center nomargin_home_p has-white-color has-black-background-color has-text-color has-background has-medium-font-size\" style=\"font-style:normal;font-weight:300\">Aldarull \u00e9s una llibreria Anarquista al barri de Gr\u00e0cia a Barcelona. Obert des de l&#8217;any 2009, \u00e9s un projecte autogestionat col\u00b7lectiu que se centra en la difusi\u00f3 de material de transformaci\u00f3 social y agitaci\u00f3, amb idees anarquistes que promoguin l&#8217;esperit cr\u00edtic a trav\u00e9s de llibres, fanzins, contes, c\u00f2mics, xerrades i formacions.<\/h3>\n\n\n\n<h3 class=\"wp-block-heading alignfull has-text-align-center nomargin_home_p has-white-color has-black-background-color has-text-color has-background has-medium-font-size\" style=\"font-style:normal;font-weight:300\">Les persones que duren a terme el projecte ho fan per l&#8217;autogesti\u00f3 de la llibreria i per difundre les idees, a m\u00e9s a m\u00e9s de fer support a altres col\u00b7lectius i projectes anaquistes.<\/h3>\n\n\n\n<h2 class=\"wp-block-heading alignfull nomargin_home_novetats nomargin_home_div has-vivid-red-color has-black-background-color has-text-color has-background\" style=\"font-style:normal;font-weight:600\"><a href=\"https:\/\/blogs.sindominio.net\/aldarull\/?p=entrades\/\">Darreres novetats<\/a><\/h2>\n\n\n<ul class=\"wp-block-latest-posts__list is-grid columns-3 has-dates alignfull nomargin_home_div nomargin_bottom wp-block-latest-posts has-text-color has-white-color has-background has-black-background-color\"><li><div class=\"wp-block-latest-posts__featured-image\"><a href=\"https:\/\/aldarull.org\/?p=878\" aria-label=\"Cap al futur. Cicle de ci\u00e8ncia ficci\u00f3\"><img loading=\"lazy\" decoding=\"async\" width=\"150\" height=\"150\" src=\"https:\/\/aldarull.org\/files\/2026\/02\/0.cicle-de-ciencia-ficcio-e1771414310207-150x150.jpg\" class=\"attachment-thumbnail size-thumbnail wp-post-image\" alt=\"Cartell del cicle de ciencia ficci\u00f3 de la llibreria Aldarull\" style=\"\" \/><\/a><\/div><a class=\"wp-block-latest-posts__post-title\" href=\"https:\/\/aldarull.org\/?p=878\">Cap al futur. Cicle de ci\u00e8ncia ficci\u00f3<\/a><time datetime=\"2026-02-18T11:36:54+00:00\" class=\"wp-block-latest-posts__post-date\">18 de febrer de 2026<\/time><\/li>\n<li><div class=\"wp-block-latest-posts__featured-image\"><a href=\"https:\/\/aldarull.org\/?p=868&#038;lang=es\" aria-label=\"7 librazos contra el turismo y la gentrificaci\u00f3n para leer este verano\"><img loading=\"lazy\" decoding=\"async\" width=\"150\" height=\"150\" src=\"https:\/\/aldarull.org\/files\/2025\/06\/New-Project-150x150.png\" class=\"attachment-thumbnail size-thumbnail wp-post-image\" alt=\"image mitica de les enganxines contra el turisme\" style=\"\" srcset=\"https:\/\/aldarull.org\/files\/2025\/06\/New-Project-150x150.png 150w, https:\/\/aldarull.org\/files\/2025\/06\/New-Project-510x510.png 510w\" sizes=\"auto, (max-width: 150px) 100vw, 150px\" \/><\/a><\/div><a class=\"wp-block-latest-posts__post-title\" href=\"https:\/\/aldarull.org\/?p=868&#038;lang=es\">7 librazos contra el turismo y la gentrificaci\u00f3n para leer este verano<\/a><time datetime=\"2025-06-12T17:38:48+00:00\" class=\"wp-block-latest-posts__post-date\">12 de juny de 2025<\/time><\/li>\n<li><div class=\"wp-block-latest-posts__featured-image\"><a href=\"https:\/\/aldarull.org\/?p=845\" aria-label=\"7 llibres contra el turisme i la gentrificaci\u00f3 per llegir aquest estiu\"><img loading=\"lazy\" decoding=\"async\" width=\"150\" height=\"150\" src=\"https:\/\/aldarull.org\/files\/2025\/06\/New-Project-150x150.png\" class=\"attachment-thumbnail size-thumbnail wp-post-image\" alt=\"image mitica de les enganxines contra el turisme\" style=\"\" srcset=\"https:\/\/aldarull.org\/files\/2025\/06\/New-Project-150x150.png 150w, https:\/\/aldarull.org\/files\/2025\/06\/New-Project-510x510.png 510w\" sizes=\"auto, (max-width: 150px) 100vw, 150px\" \/><\/a><\/div><a class=\"wp-block-latest-posts__post-title\" href=\"https:\/\/aldarull.org\/?p=845\">7 llibres contra el turisme i la gentrificaci\u00f3 per llegir aquest estiu<\/a><time datetime=\"2025-06-12T17:30:42+00:00\" class=\"wp-block-latest-posts__post-date\">12 de juny de 2025<\/time><\/li>\n<\/ul>","protected":false},"excerpt":{"rendered":"<p>Aldarull \u00e9s un projecte autogestionat i anarquista on pretenem tenir els llibres que ens ajudin a pensar la propera revoluci\u00f3 Aldarull \u00e9s una llibreria Anarquista al barri de Gr\u00e0cia a Barcelona. Obert des de l&#8217;any 2009, \u00e9s un projecte autogestionat col\u00b7lectiu que se centra en la difusi\u00f3 de material de transformaci\u00f3 social y agitaci\u00f3, amb [&hellip;]<\/p>\n","protected":false},"author":207,"featured_media":0,"parent":0,"menu_order":0,"comment_status":"closed","ping_status":"closed","template":"custom-page.php","meta":{"footnotes":""},"class_list":["post-456","page","type-page","status-publish","czr-hentry"],"_links":{"self":[{"href":"https:\/\/aldarull.org\/index.php?rest_route=\/wp\/v2\/pages\/456","targetHints":{"allow":["GET"]}}],"collection":[{"href":"https:\/\/aldarull.org\/index.php?rest_route=\/wp\/v2\/pages"}],"about":[{"href":"https:\/\/aldarull.org\/index.php?rest_route=\/wp\/v2\/types\/page"}],"author":[{"embeddable":true,"href":"https:\/\/aldarull.org\/index.php?rest_route=\/wp\/v2\/users\/207"}],"replies":[{"embeddable":true,"href":"https:\/\/aldarull.org\/index.php?rest_route=%2Fwp%2Fv2%2Fcomments&post=456"}],"version-history":[{"count":32,"href":"https:\/\/aldarull.org\/index.php?rest_route=\/wp\/v2\/pages\/456\/revisions"}],"predecessor-version":[{"id":675,"href":"https:\/\/aldarull.org\/index.php?rest_route=\/wp\/v2\/pages\/456\/revisions\/675"}],"wp:attachment":[{"href":"https:\/\/aldarull.org\/index.php?rest_route=%2Fwp%2Fv2%2Fmedia&parent=456"}],"curies":[{"name":"wp","href":"https:\/\/api.w.org\/{rel}","templated":true}]}}